{"id":1306,"date":"2023-04-19T14:19:20","date_gmt":"2023-04-19T14:19:20","guid":{"rendered":"https:\/\/demo1.dipierro.com\/?page_id=1306"},"modified":"2023-05-23T11:45:48","modified_gmt":"2023-05-23T11:45:48","slug":"uebersetzen","status":"publish","type":"page","link":"https:\/\/translations-proofreadings.ch\/index.php\/uebersetzen\/","title":{"rendered":"\u00dcbersetzen"},"content":{"rendered":"\t\t<div data-elementor-type=\"wp-page\" data-elementor-id=\"1306\" class=\"elementor elementor-1306\">\n\t\t\t\t\t\t\t\t\t<section class=\"elementor-section elementor-top-section elementor-element elementor-element-86a3fd3 elementor-section-stretched elementor-section-boxed elementor-section-height-default elementor-section-height-default\" data-id=\"86a3fd3\" data-element_type=\"section\" data-settings=\"{&quot;stretch_section&quot;:&quot;section-stretched&quot;}\">\n\t\t\t\t\t\t<div class=\"elementor-container elementor-column-gap-default\">\n\t\t\t\t\t<div class=\"elementor-column elementor-col-50 elementor-top-column elementor-element elementor-element-3387faf\" data-id=\"3387faf\" data-element_type=\"column\">\n\t\t\t<div class=\"elementor-widget-wrap elementor-element-populated\">\n\t\t\t\t\t\t\t\t<div class=\"elementor-element elementor-element-1dd1e45 elementor-widget elementor-widget-heading\" data-id=\"1dd1e45\" data-element_type=\"widget\" data-widget_type=\"heading.default\">\n\t\t\t\t<div class=\"elementor-widget-container\">\n\t\t\t<style>\/*! elementor - v3.17.0 - 08-11-2023 *\/\n.elementor-heading-title{padding:0;margin:0;line-height:1}.elementor-widget-heading .elementor-heading-title[class*=elementor-size-]>a{color:inherit;font-size:inherit;line-height:inherit}.elementor-widget-heading .elementor-heading-title.elementor-size-small{font-size:15px}.elementor-widget-heading .elementor-heading-title.elementor-size-medium{font-size:19px}.elementor-widget-heading .elementor-heading-title.elementor-size-large{font-size:29px}.elementor-widget-heading .elementor-heading-title.elementor-size-xl{font-size:39px}.elementor-widget-heading .elementor-heading-title.elementor-size-xxl{font-size:59px}<\/style><h2 class=\"elementor-heading-title elementor-size-default\">\u00dcbersetzen<\/h2>\t\t<\/div>\n\t\t\t\t<\/div>\n\t\t\t\t<div class=\"elementor-element elementor-element-f0db2b0 elementor-widget elementor-widget-text-editor\" data-id=\"f0db2b0\" data-element_type=\"widget\" data-widget_type=\"text-editor.default\">\n\t\t\t\t<div class=\"elementor-widget-container\">\n\t\t\t<style>\/*! elementor - v3.17.0 - 08-11-2023 *\/\n.elementor-widget-text-editor.elementor-drop-cap-view-stacked .elementor-drop-cap{background-color:#69727d;color:#fff}.elementor-widget-text-editor.elementor-drop-cap-view-framed .elementor-drop-cap{color:#69727d;border:3px solid;background-color:transparent}.elementor-widget-text-editor:not(.elementor-drop-cap-view-default) .elementor-drop-cap{margin-top:8px}.elementor-widget-text-editor:not(.elementor-drop-cap-view-default) .elementor-drop-cap-letter{width:1em;height:1em}.elementor-widget-text-editor .elementor-drop-cap{float:left;text-align:center;line-height:1;font-size:50px}.elementor-widget-text-editor .elementor-drop-cap-letter{display:inline-block}<\/style>\t\t\t\t<p style=\"text-align: left;\">Profitieren Sie von einer Kombination aus Fachwissen, Erfahrung und Professionalit\u00e4t.<\/p><p>Ich verf\u00fcge \u00fcber ausgezeichnete Kenntnisse der Sprachen Deutsch und Englisch und \u00fcber ein umfassendes Verst\u00e4ndnis der kulturellen Unterschiede zwischen diesen Sprachen. Ich verstehe den Kontext und die Bedeutungsnuancen von Texten genau und \u00fcbersetze sie pr\u00e4zise in die Zielsprache.<\/p><p>Die spezifischen Fachkenntnisse, welche ich mir in meinen Berufs- und Lehrjahren angeeignet habe,<br \/>erm\u00f6glichen es mir, auch komplexere oder technische Texte kompetent zu \u00fcbersetzen. Ich zeichne mich aus durch ein hohes Mass an Aufmerksamkeit f\u00fcr Details und garantiere, qualitativ hochwertige Arbeit p\u00fcnktlich zu liefern.<\/p><p>Z\u00f6gern Sie nicht, mir Ihre Texte im Bereich Finanzen, juristische Themen, Personalwesen, Physiotherapie, Tourismus oder auch technische Fachschriften anzuvertrauen. Gerne mache ich Ihnen eine Offerte und bespreche mit Ihnen den m\u00f6glichen Zeitrahmen.<\/p>\t\t\t\t\t\t<\/div>\n\t\t\t\t<\/div>\n\t\t\t\t\t<\/div>\n\t\t<\/div>\n\t\t\t\t<div class=\"elementor-column elementor-col-50 elementor-top-column elementor-element elementor-element-23d0773\" data-id=\"23d0773\" data-element_type=\"column\">\n\t\t\t<div class=\"elementor-widget-wrap elementor-element-populated\">\n\t\t\t\t\t\t\t\t<div class=\"elementor-element elementor-element-1ba49a3 elementor-widget elementor-widget-image\" data-id=\"1ba49a3\" data-element_type=\"widget\" data-widget_type=\"image.default\">\n\t\t\t\t<div class=\"elementor-widget-container\">\n\t\t\t<style>\/*! elementor - v3.17.0 - 08-11-2023 *\/\n.elementor-widget-image{text-align:center}.elementor-widget-image a{display:inline-block}.elementor-widget-image a img[src$=\".svg\"]{width:48px}.elementor-widget-image img{vertical-align:middle;display:inline-block}<\/style>\t\t\t\t\t\t\t\t\t\t\t\t<img loading=\"lazy\" decoding=\"async\" width=\"768\" height=\"1024\" src=\"https:\/\/translations-proofreadings.ch\/wp-content\/uploads\/2023\/04\/unnamed-2-768x1024.jpg\" class=\"attachment-large size-large wp-image-1336\" alt=\"\" srcset=\"https:\/\/translations-proofreadings.ch\/wp-content\/uploads\/2023\/04\/unnamed-2-768x1024.jpg 768w, https:\/\/translations-proofreadings.ch\/wp-content\/uploads\/2023\/04\/unnamed-2-225x300.jpg 225w, https:\/\/translations-proofreadings.ch\/wp-content\/uploads\/2023\/04\/unnamed-2.jpg 960w\" sizes=\"auto, (max-width: 768px) 100vw, 768px\" \/>\t\t\t\t\t\t\t\t\t\t\t\t\t\t\t<\/div>\n\t\t\t\t<\/div>\n\t\t\t\t\t<\/div>\n\t\t<\/div>\n\t\t\t\t\t\t\t<\/div>\n\t\t<\/section>\n\t\t\t\t\t\t\t<\/div>\n\t\t","protected":false},"excerpt":{"rendered":"<p>\u00dcbersetzen Profitieren Sie von einer Kombination aus Fachwissen, Erfahrung und Professionalit\u00e4t. Ich verf\u00fcge \u00fcber ausgezeichnete Kenntnisse der Sprachen Deutsch und Englisch und \u00fcber ein umfassendes Verst\u00e4ndnis der kulturellen Unterschiede zwischen diesen Sprachen. Ich verstehe den Kontext und die Bedeutungsnuancen von Texten genau und \u00fcbersetze sie pr\u00e4zise in die Zielsprache. Die spezifischen Fachkenntnisse, welche ich mir [&hellip;]<\/p>\n","protected":false},"author":1,"featured_media":0,"parent":0,"menu_order":0,"comment_status":"closed","ping_status":"closed","template":"","meta":{"om_disable_all_campaigns":false,"_monsterinsights_skip_tracking":false,"_monsterinsights_sitenote_active":false,"_monsterinsights_sitenote_note":"","_monsterinsights_sitenote_category":0,"footnotes":""},"class_list":["post-1306","page","type-page","status-publish","hentry","entry"],"aioseo_notices":[],"jetpack_sharing_enabled":true,"_links":{"self":[{"href":"https:\/\/translations-proofreadings.ch\/index.php\/wp-json\/wp\/v2\/pages\/1306","targetHints":{"allow":["GET"]}}],"collection":[{"href":"https:\/\/translations-proofreadings.ch\/index.php\/wp-json\/wp\/v2\/pages"}],"about":[{"href":"https:\/\/translations-proofreadings.ch\/index.php\/wp-json\/wp\/v2\/types\/page"}],"author":[{"embeddable":true,"href":"https:\/\/translations-proofreadings.ch\/index.php\/wp-json\/wp\/v2\/users\/1"}],"replies":[{"embeddable":true,"href":"https:\/\/translations-proofreadings.ch\/index.php\/wp-json\/wp\/v2\/comments?post=1306"}],"version-history":[{"count":43,"href":"https:\/\/translations-proofreadings.ch\/index.php\/wp-json\/wp\/v2\/pages\/1306\/revisions"}],"predecessor-version":[{"id":1733,"href":"https:\/\/translations-proofreadings.ch\/index.php\/wp-json\/wp\/v2\/pages\/1306\/revisions\/1733"}],"wp:attachment":[{"href":"https:\/\/translations-proofreadings.ch\/index.php\/wp-json\/wp\/v2\/media?parent=1306"}],"curies":[{"name":"wp","href":"https:\/\/api.w.org\/{rel}","templated":true}]}}