{"id":1277,"date":"2023-04-18T18:17:12","date_gmt":"2023-04-18T18:17:12","guid":{"rendered":"https:\/\/demo1.dipierro.com\/?page_id=1277"},"modified":"2023-05-29T21:01:29","modified_gmt":"2023-05-29T21:01:29","slug":"about-me-2","status":"publish","type":"page","link":"https:\/\/translations-proofreadings.ch\/index.php\/about-me-2\/","title":{"rendered":"\u00dcber mich"},"content":{"rendered":"\t\t<div data-elementor-type=\"wp-post\" data-elementor-id=\"1277\" class=\"elementor elementor-1277\">\n\t\t\t\t\t\t\t\t\t<section class=\"elementor-section elementor-top-section elementor-element elementor-element-879f9aa elementor-section-boxed elementor-section-height-default elementor-section-height-default elementor-invisible\" data-id=\"879f9aa\" data-element_type=\"section\" data-settings=\"{&quot;animation&quot;:&quot;fadeIn&quot;}\">\n\t\t\t\t\t\t<div class=\"elementor-container elementor-column-gap-default\">\n\t\t\t\t\t<div class=\"elementor-column elementor-col-50 elementor-top-column elementor-element elementor-element-4c86300\" data-id=\"4c86300\" data-element_type=\"column\">\n\t\t\t<div class=\"elementor-widget-wrap elementor-element-populated\">\n\t\t\t\t\t\t\t\t<div class=\"elementor-element elementor-element-c0500e2 elementor-widget elementor-widget-image\" data-id=\"c0500e2\" data-element_type=\"widget\" data-widget_type=\"image.default\">\n\t\t\t\t<div class=\"elementor-widget-container\">\n\t\t\t<style>\/*! elementor - v3.17.0 - 08-11-2023 *\/\n.elementor-widget-image{text-align:center}.elementor-widget-image a{display:inline-block}.elementor-widget-image a img[src$=\".svg\"]{width:48px}.elementor-widget-image img{vertical-align:middle;display:inline-block}<\/style>\t\t\t\t\t\t\t\t\t\t\t\t<img loading=\"lazy\" decoding=\"async\" width=\"500\" height=\"500\" src=\"https:\/\/translations-proofreadings.ch\/wp-content\/uploads\/2023\/04\/1568902608344.jpg\" class=\"attachment-large size-large wp-image-1329\" alt=\"\" srcset=\"https:\/\/translations-proofreadings.ch\/wp-content\/uploads\/2023\/04\/1568902608344.jpg 500w, https:\/\/translations-proofreadings.ch\/wp-content\/uploads\/2023\/04\/1568902608344-300x300.jpg 300w, https:\/\/translations-proofreadings.ch\/wp-content\/uploads\/2023\/04\/1568902608344-150x150.jpg 150w\" sizes=\"auto, (max-width: 500px) 100vw, 500px\" \/>\t\t\t\t\t\t\t\t\t\t\t\t\t\t\t<\/div>\n\t\t\t\t<\/div>\n\t\t\t\t\t<\/div>\n\t\t<\/div>\n\t\t\t\t<div class=\"elementor-column elementor-col-50 elementor-top-column elementor-element elementor-element-b656f4b\" data-id=\"b656f4b\" data-element_type=\"column\">\n\t\t\t<div class=\"elementor-widget-wrap elementor-element-populated\">\n\t\t\t\t\t\t\t\t<div class=\"elementor-element elementor-element-693181d elementor-widget elementor-widget-heading\" data-id=\"693181d\" data-element_type=\"widget\" data-widget_type=\"heading.default\">\n\t\t\t\t<div class=\"elementor-widget-container\">\n\t\t\t<style>\/*! elementor - v3.17.0 - 08-11-2023 *\/\n.elementor-heading-title{padding:0;margin:0;line-height:1}.elementor-widget-heading .elementor-heading-title[class*=elementor-size-]>a{color:inherit;font-size:inherit;line-height:inherit}.elementor-widget-heading .elementor-heading-title.elementor-size-small{font-size:15px}.elementor-widget-heading .elementor-heading-title.elementor-size-medium{font-size:19px}.elementor-widget-heading .elementor-heading-title.elementor-size-large{font-size:29px}.elementor-widget-heading .elementor-heading-title.elementor-size-xl{font-size:39px}.elementor-widget-heading .elementor-heading-title.elementor-size-xxl{font-size:59px}<\/style><h1 class=\"elementor-heading-title elementor-size-default\">Daniela Eichholzer<\/h1>\t\t<\/div>\n\t\t\t\t<\/div>\n\t\t\t\t<div class=\"elementor-element elementor-element-3ea8126 elementor-widget elementor-widget-heading\" data-id=\"3ea8126\" data-element_type=\"widget\" data-widget_type=\"heading.default\">\n\t\t\t\t<div class=\"elementor-widget-container\">\n\t\t\t<h2 class=\"elementor-heading-title elementor-size-default\">Sprache und Texte im Mittelpunkt<\/h2>\t\t<\/div>\n\t\t\t\t<\/div>\n\t\t\t\t<div class=\"elementor-element elementor-element-b046787 elementor-widget elementor-widget-text-editor\" data-id=\"b046787\" data-element_type=\"widget\" data-widget_type=\"text-editor.default\">\n\t\t\t\t<div class=\"elementor-widget-container\">\n\t\t\t<style>\/*! elementor - v3.17.0 - 08-11-2023 *\/\n.elementor-widget-text-editor.elementor-drop-cap-view-stacked .elementor-drop-cap{background-color:#69727d;color:#fff}.elementor-widget-text-editor.elementor-drop-cap-view-framed .elementor-drop-cap{color:#69727d;border:3px solid;background-color:transparent}.elementor-widget-text-editor:not(.elementor-drop-cap-view-default) .elementor-drop-cap{margin-top:8px}.elementor-widget-text-editor:not(.elementor-drop-cap-view-default) .elementor-drop-cap-letter{width:1em;height:1em}.elementor-widget-text-editor .elementor-drop-cap{float:left;text-align:center;line-height:1;font-size:50px}.elementor-widget-text-editor .elementor-drop-cap-letter{display:inline-block}<\/style>\t\t\t\t<p>Meine Freude und Faszination f\u00fcr Sprachen wurde wohl bereits w\u00e4hrend Reisen als Kind mit meinen Eltern geweckt und haben mich mein Leben lang begleitet. Meine Leidenschaft f\u00fcr die englische Sprache konnte ich w\u00e4hrend meines Studiums der Anglistik und den damit verbundenen Auslandaufenthalten ausleben, und mein Auge f\u00fcr Perfektionierung und Optimierung von bestehenden Texten und die n\u00f6tige Finesse im Lektorat wurde w\u00e4hrend meiner T\u00e4tigkeit f\u00fcr verschiedenen Banken geschult. Weiterbildungen und viel Literatur vermitteln mir ein grosses Allgemeinwissen, w\u00e4hrend Sport und Bewegung in der Natur den n\u00f6tigen Ausgleich und Inspiration vermitteln.<\/p>\t\t\t\t\t\t<\/div>\n\t\t\t\t<\/div>\n\t\t\t\t\t<\/div>\n\t\t<\/div>\n\t\t\t\t\t\t\t<\/div>\n\t\t<\/section>\n\t\t\t\t\t\t\t<\/div>\n\t\t","protected":false},"excerpt":{"rendered":"<p>Daniela Eichholzer Sprache und Texte im Mittelpunkt Meine Freude und Faszination f\u00fcr Sprachen wurde wohl bereits w\u00e4hrend Reisen als Kind mit meinen Eltern geweckt und haben mich mein Leben lang begleitet. Meine Leidenschaft f\u00fcr die englische Sprache konnte ich w\u00e4hrend meines Studiums der Anglistik und den damit verbundenen Auslandaufenthalten ausleben, und mein Auge f\u00fcr Perfektionierung [&hellip;]<\/p>\n","protected":false},"author":1,"featured_media":0,"parent":0,"menu_order":0,"comment_status":"closed","ping_status":"closed","template":"","meta":{"om_disable_all_campaigns":false,"_monsterinsights_skip_tracking":false,"_monsterinsights_sitenote_active":false,"_monsterinsights_sitenote_note":"","_monsterinsights_sitenote_category":0,"footnotes":""},"class_list":["post-1277","page","type-page","status-publish","hentry","entry"],"aioseo_notices":[],"jetpack_sharing_enabled":true,"_links":{"self":[{"href":"https:\/\/translations-proofreadings.ch\/index.php\/wp-json\/wp\/v2\/pages\/1277","targetHints":{"allow":["GET"]}}],"collection":[{"href":"https:\/\/translations-proofreadings.ch\/index.php\/wp-json\/wp\/v2\/pages"}],"about":[{"href":"https:\/\/translations-proofreadings.ch\/index.php\/wp-json\/wp\/v2\/types\/page"}],"author":[{"embeddable":true,"href":"https:\/\/translations-proofreadings.ch\/index.php\/wp-json\/wp\/v2\/users\/1"}],"replies":[{"embeddable":true,"href":"https:\/\/translations-proofreadings.ch\/index.php\/wp-json\/wp\/v2\/comments?post=1277"}],"version-history":[{"count":56,"href":"https:\/\/translations-proofreadings.ch\/index.php\/wp-json\/wp\/v2\/pages\/1277\/revisions"}],"predecessor-version":[{"id":1790,"href":"https:\/\/translations-proofreadings.ch\/index.php\/wp-json\/wp\/v2\/pages\/1277\/revisions\/1790"}],"wp:attachment":[{"href":"https:\/\/translations-proofreadings.ch\/index.php\/wp-json\/wp\/v2\/media?parent=1277"}],"curies":[{"name":"wp","href":"https:\/\/api.w.org\/{rel}","templated":true}]}}